{"id":138,"date":"2022-08-03T18:54:41","date_gmt":"2022-08-03T18:54:41","guid":{"rendered":"https:\/\/hidroclimaspa.cl\/home\/?page_id=138"},"modified":"2022-09-07T15:23:49","modified_gmt":"2022-09-07T19:23:49","slug":"quienes-somos","status":"publish","type":"page","link":"https:\/\/hidroclimaspa.cl\/home\/quienes-somos\/","title":{"rendered":"Quienes somos"},"content":{"rendered":"\t\t<div data-elementor-type=\"wp-page\" data-elementor-id=\"138\" class=\"elementor elementor-138\">\n\t\t\t\t\t\t<section class=\"elementor-section elementor-top-section elementor-element elementor-element-fd614ef elementor-section-full_width elementor-section-stretched elementor-section-height-default elementor-section-height-default\" data-id=\"fd614ef\" data-element_type=\"section\" data-settings=\"{&quot;stretch_section&quot;:&quot;section-stretched&quot;,&quot;background_background&quot;:&quot;classic&quot;}\">\n\t\t\t\t\t\t<div class=\"elementor-container elementor-column-gap-default\">\n\t\t\t\t\t<div class=\"elementor-column elementor-col-100 elementor-top-column elementor-element elementor-element-b45b04a\" data-id=\"b45b04a\" data-element_type=\"column\">\n\t\t\t<div class=\"elementor-widget-wrap elementor-element-populated\">\n\t\t\t\t\t\t<section class=\"elementor-section elementor-inner-section elementor-element elementor-element-7d81c17 elementor-section-full_width elementor-section-content-middle elementor-section-height-default elementor-section-height-default\" data-id=\"7d81c17\" data-element_type=\"section\" data-settings=\"{&quot;background_background&quot;:&quot;classic&quot;}\">\n\t\t\t\t\t\t<div class=\"elementor-container elementor-column-gap-default\">\n\t\t\t\t\t<div class=\"elementor-column elementor-col-100 elementor-inner-column elementor-element elementor-element-cb258ef\" data-id=\"cb258ef\" data-element_type=\"column\">\n\t\t\t<div class=\"elementor-widget-wrap elementor-element-populated\">\n\t\t\t\t\t\t<div class=\"elementor-element elementor-element-9bd2705 elementor-widget elementor-widget-heading\" data-id=\"9bd2705\" data-element_type=\"widget\" data-widget_type=\"heading.default\">\n\t\t\t\t<div class=\"elementor-widget-container\">\n\t\t\t\t\t<h2 class=\"elementor-heading-title elementor-size-default\">\u00bfQUI\u00c9NES SOMOS?<\/h2>\t\t\t\t<\/div>\n\t\t\t\t<\/div>\n\t\t\t\t<div class=\"elementor-element elementor-element-1dbae71 elementor-widget elementor-widget-text-editor\" data-id=\"1dbae71\" data-element_type=\"widget\" data-widget_type=\"text-editor.default\">\n\t\t\t\t<div class=\"elementor-widget-container\">\n\t\t\t\t\t\t\t\t\t<p style=\"text-align: center;\"><span style=\"color: #08325e;\"><strong>HIDROCLIMA SPA<\/strong><\/span> es una empresa especialista en las \u00e1reas de Obras Sanitarias, Calefacci\u00f3n, Aire Acondicionado y Ventilaci\u00f3n.<br \/>Nuestra prioridad es satisfacer las necesidades de nuestros clientes, ofreciendo servicios especializados para los sectores residenciales, comerciales e industriales.<\/p><p style=\"text-align: center;\">Desde la experiencia y conocimiento de todos nuestros profesionales ofrecemos un s\u00f3lido respaldo y garant\u00eda al momento de ejecutar nuestras obras y proyectos.<br \/>Para esto, <strong><span style=\"color: #08325e;\">HIDROCLIMA<\/span><\/strong> dispone de servicios personalizados entendiendo que cada cliente es \u00fanico y diferente.<\/p>\t\t\t\t\t\t\t\t<\/div>\n\t\t\t\t<\/div>\n\t\t\t\t<div class=\"elementor-element elementor-element-e4c4c2f elementor-widget elementor-widget-heading\" data-id=\"e4c4c2f\" data-element_type=\"widget\" data-widget_type=\"heading.default\">\n\t\t\t\t<div class=\"elementor-widget-container\">\n\t\t\t\t\t<h2 class=\"elementor-heading-title elementor-size-default\">OBJETIVO<\/h2>\t\t\t\t<\/div>\n\t\t\t\t<\/div>\n\t\t\t\t<div class=\"elementor-element elementor-element-4c9d1f1 elementor-widget elementor-widget-text-editor\" data-id=\"4c9d1f1\" data-element_type=\"widget\" data-widget_type=\"text-editor.default\">\n\t\t\t\t<div class=\"elementor-widget-container\">\n\t\t\t\t\t\t\t\t\t<p style=\"text-align: center;\">Nuestro objetivo principal es la realizaci\u00f3n de nuestros trabajos con responsabilidad, eficiencia y calidad.<\/p>\t\t\t\t\t\t\t\t<\/div>\n\t\t\t\t<\/div>\n\t\t\t\t<div class=\"elementor-element elementor-element-46f12a8 elementor-widget elementor-widget-heading\" data-id=\"46f12a8\" data-element_type=\"widget\" data-widget_type=\"heading.default\">\n\t\t\t\t<div class=\"elementor-widget-container\">\n\t\t\t\t\t<h2 class=\"elementor-heading-title elementor-size-default\">MISI\u00d3N<\/h2>\t\t\t\t<\/div>\n\t\t\t\t<\/div>\n\t\t\t\t<div class=\"elementor-element elementor-element-bdb1db3 elementor-widget elementor-widget-text-editor\" data-id=\"bdb1db3\" data-element_type=\"widget\" data-widget_type=\"text-editor.default\">\n\t\t\t\t<div class=\"elementor-widget-container\">\n\t\t\t\t\t\t\t\t\t<p style=\"text-align: center;\">Proveer un servicio con altos est\u00e1ndares de calidad, junto con un equipo de profesionales capacitados y comprometidos que responsablemente aseguran un trabajo seg\u00fan las necesidades de cada cliente.<\/p>\t\t\t\t\t\t\t\t<\/div>\n\t\t\t\t<\/div>\n\t\t\t\t<div class=\"elementor-element elementor-element-8c7dcb3 elementor-widget elementor-widget-heading\" data-id=\"8c7dcb3\" data-element_type=\"widget\" data-widget_type=\"heading.default\">\n\t\t\t\t<div class=\"elementor-widget-container\">\n\t\t\t\t\t<h2 class=\"elementor-heading-title elementor-size-default\">VISI\u00d3N<\/h2>\t\t\t\t<\/div>\n\t\t\t\t<\/div>\n\t\t\t\t<div class=\"elementor-element elementor-element-dee6f4e elementor-widget elementor-widget-text-editor\" data-id=\"dee6f4e\" data-element_type=\"widget\" data-widget_type=\"text-editor.default\">\n\t\t\t\t<div class=\"elementor-widget-container\">\n\t\t\t\t\t\t\t\t\t<p style=\"text-align: center;\">Ser una empresa l\u00edder en el rubro que se destaque por su compromiso, responsabilidad, alto y moderno est\u00e1ndar de nuestros servicios.<\/p>\t\t\t\t\t\t\t\t<\/div>\n\t\t\t\t<\/div>\n\t\t\t\t\t<\/div>\n\t\t<\/div>\n\t\t\t\t\t<\/div>\n\t\t<\/section>\n\t\t\t\t\t<\/div>\n\t\t<\/div>\n\t\t\t\t\t<\/div>\n\t\t<\/section>\n\t\t\t\t<\/div>\n\t\t","protected":false},"excerpt":{"rendered":"<p>\u00bfQUI\u00c9NES SOMOS? HIDROCLIMA SPA es una empresa especialista en las \u00e1reas de Obras Sanitarias, Calefacci\u00f3n, Aire Acondicionado y Ventilaci\u00f3n.Nuestra prioridad es satisfacer las necesidades de nuestros clientes, ofreciendo servicios especializados para los sectores residenciales, comerciales e industriales. Desde la experiencia y conocimiento de todos nuestros profesionales ofrecemos un s\u00f3lido respaldo y garant\u00eda al momento de [&hellip;]<\/p>\n","protected":false},"author":1,"featured_media":0,"parent":0,"menu_order":0,"comment_status":"closed","ping_status":"closed","template":"","meta":{"footnotes":""},"class_list":["post-138","page","type-page","status-publish","hentry"],"_links":{"self":[{"href":"https:\/\/hidroclimaspa.cl\/home\/wp-json\/wp\/v2\/pages\/138","targetHints":{"allow":["GET"]}}],"collection":[{"href":"https:\/\/hidroclimaspa.cl\/home\/wp-json\/wp\/v2\/pages"}],"about":[{"href":"https:\/\/hidroclimaspa.cl\/home\/wp-json\/wp\/v2\/types\/page"}],"author":[{"embeddable":true,"href":"https:\/\/hidroclimaspa.cl\/home\/wp-json\/wp\/v2\/users\/1"}],"replies":[{"embeddable":true,"href":"https:\/\/hidroclimaspa.cl\/home\/wp-json\/wp\/v2\/comments?post=138"}],"version-history":[{"count":23,"href":"https:\/\/hidroclimaspa.cl\/home\/wp-json\/wp\/v2\/pages\/138\/revisions"}],"predecessor-version":[{"id":1258,"href":"https:\/\/hidroclimaspa.cl\/home\/wp-json\/wp\/v2\/pages\/138\/revisions\/1258"}],"wp:attachment":[{"href":"https:\/\/hidroclimaspa.cl\/home\/wp-json\/wp\/v2\/media?parent=138"}],"curies":[{"name":"wp","href":"https:\/\/api.w.org\/{rel}","templated":true}]}}